{"id":180,"date":"2023-11-18T14:58:22","date_gmt":"2023-11-18T11:58:22","guid":{"rendered":"http:\/\/cosmetology.ws\/?page_id=180"},"modified":"2024-10-24T14:20:37","modified_gmt":"2024-10-24T11:20:37","slug":"service","status":"publish","type":"page","link":"https:\/\/artdc.uz\/tr\/service\/","title":{"rendered":"Hizmetler"},"content":{"rendered":"<div data-elementor-type=\"wp-page\" data-elementor-id=\"180\" class=\"elementor elementor-180\">\n\t\t\t\t\t\t<section class=\"elementor-section elementor-top-section elementor-element elementor-element-d76880e elementor-section-full_width elementor-hidden-mobile elementor-section-height-default elementor-section-height-default\" data-id=\"d76880e\" data-element_type=\"section\">\n\t\t\t\t\t\t<div class=\"elementor-container elementor-column-gap-default\">\n\t\t\t\t\t<div class=\"elementor-column elementor-col-100 elementor-top-column elementor-element elementor-element-61c72d0\" data-id=\"61c72d0\" data-element_type=\"column\">\n\t\t\t<div class=\"elementor-widget-wrap elementor-element-populated\">\n\t\t\t\t\t\t<section class=\"elementor-section elementor-inner-section elementor-element elementor-element-fc17cc9 elementor-section-boxed elementor-section-height-default elementor-section-height-default\" data-id=\"fc17cc9\" data-element_type=\"section\">\n\t\t\t\t\t\t<div class=\"elementor-container elementor-column-gap-default\">\n\t\t\t\t\t<div class=\"elementor-column elementor-col-50 elementor-inner-column elementor-element elementor-element-7b5f51c\" data-id=\"7b5f51c\" data-element_type=\"column\">\n\t\t\t<div class=\"elementor-widget-wrap elementor-element-populated\">\n\t\t\t\t\t\t<div class=\"elementor-element elementor-element-e890c8d elementor-widget__width-inherit elementor-widget elementor-widget-heading\" data-id=\"e890c8d\" data-element_type=\"widget\" data-widget_type=\"heading.default\">\n\t\t\t\t<div class=\"elementor-widget-container\">\n\t\t\t<h2 class=\"elementor-heading-title elementor-size-default\">H\u0130ZMETLER<\/h2>\t\t<\/div>\n\t\t\t\t<\/div>\n\t\t\t\t<div class=\"elementor-element elementor-element-c9f412b elementor-widget elementor-widget-text-editor\" data-id=\"c9f412b\" data-element_type=\"widget\" data-widget_type=\"text-editor.default\">\n\t\t\t\t<div class=\"elementor-widget-container\">\n\t\t\t\t\t\t\t<div class=\"translate-tooltip-mtz translator-hidden\"><div class=\"header\"><div class=\"header-controls\">\u015eirketimiz mimari tasar\u0131m, in\u015faat ve binalar\u0131n anahtar teslimi yenilenmesi alan\u0131nda kapsaml\u0131 hizmetlerde uzmanla\u015fm\u0131\u015f \u00e7ok disiplinli bir kurulu\u015ftur. Bireysel projelerin geli\u015ftirilmesinden profesyonel uygulamalar\u0131na kadar tam bir \u00e7al\u0131\u015fma d\u00f6ng\u00fcs\u00fc y\u00fcr\u00fct\u00fcyoruz.<\/div><\/div><\/div><p>Faaliyetlerimizin ana alanlar\u0131 \u015funlar\u0131 i\u00e7erir:<\/p>\t\t\t\t\t\t<\/div>\n\t\t\t\t<\/div>\n\t\t\t\t<div class=\"elementor-element elementor-element-270ee60 elementor-align-justify elementor-widget__width-initial elementor-widget elementor-widget-button\" data-id=\"270ee60\" data-element_type=\"widget\" data-widget_type=\"button.default\">\n\t\t\t\t<div class=\"elementor-widget-container\">\n\t\t\t\t\t<div class=\"elementor-button-wrapper\">\n\t\t\t<a class=\"elementor-button elementor-button-link elementor-size-sm\" href=\"https:\/\/artdc.uz\/tr\/service\/\">\n\t\t\t\t\t\t<span class=\"elementor-button-content-wrapper\">\n\t\t\t\t\t\t\t\t\t<span class=\"elementor-button-text\">Hakk\u0131nda<\/span>\n\t\t\t\t\t<\/span>\n\t\t\t\t\t<\/a>\n\t\t<\/div>\n\t\t\t\t<\/div>\n\t\t\t\t<\/div>\n\t\t\t\t\t<\/div>\n\t\t<\/div>\n\t\t\t\t<div class=\"elementor-column elementor-col-50 elementor-inner-column elementor-element elementor-element-a218829\" data-id=\"a218829\" data-element_type=\"column\" data-settings=\"{&quot;background_background&quot;:&quot;gradient&quot;}\">\n\t\t\t<div class=\"elementor-widget-wrap elementor-element-populated\">\n\t\t\t\t\t\t<div class=\"elementor-element elementor-element-be13d67 elementor-widget__width-initial elementor-widget elementor-widget-image\" data-id=\"be13d67\" data-element_type=\"widget\" data-widget_type=\"image.default\">\n\t\t\t\t<div class=\"elementor-widget-container\">\n\t\t\t\t\t\t\t\t\t\t\t\t\t<img fetchpriority=\"high\" decoding=\"async\" width=\"800\" height=\"534\" src=\"https:\/\/artdc.uz\/wp-content\/uploads\/2024\/10\/819b41d258ff602ab7d869e104cac7c0-gigapixel-scale-2_00x-1024x683.jpg\" class=\"attachment-large size-large wp-image-1812\" alt=\"\" srcset=\"https:\/\/artdc.uz\/wp-content\/uploads\/2024\/10\/819b41d258ff602ab7d869e104cac7c0-gigapixel-scale-2_00x-1024x683.jpg 1024w, https:\/\/artdc.uz\/wp-content\/uploads\/2024\/10\/819b41d258ff602ab7d869e104cac7c0-gigapixel-scale-2_00x-300x200.jpg 300w, https:\/\/artdc.uz\/wp-content\/uploads\/2024\/10\/819b41d258ff602ab7d869e104cac7c0-gigapixel-scale-2_00x-768x512.jpg 768w, https:\/\/artdc.uz\/wp-content\/uploads\/2024\/10\/819b41d258ff602ab7d869e104cac7c0-gigapixel-scale-2_00x-18x12.jpg 18w, https:\/\/artdc.uz\/wp-content\/uploads\/2024\/10\/819b41d258ff602ab7d869e104cac7c0-gigapixel-scale-2_00x.jpg 1128w\" sizes=\"(max-width: 800px) 100vw, 800px\" \/>\t\t\t\t\t\t\t\t\t\t\t\t\t<\/div>\n\t\t\t\t<\/div>\n\t\t\t\t\t<\/div>\n\t\t<\/div>\n\t\t\t\t\t<\/div>\n\t\t<\/section>\n\t\t\t\t\t<\/div>\n\t\t<\/div>\n\t\t\t\t\t<\/div>\n\t\t<\/section>\n\t\t\t\t<section class=\"elementor-section elementor-top-section elementor-element elementor-element-b1f0279 elementor-section-full_width elementor-section-height-default elementor-section-height-default\" data-id=\"b1f0279\" data-element_type=\"section\">\n\t\t\t\t\t\t<div class=\"elementor-container elementor-column-gap-no\">\n\t\t\t\t\t<div class=\"elementor-column elementor-col-100 elementor-top-column elementor-element elementor-element-efebaba\" data-id=\"efebaba\" data-element_type=\"column\">\n\t\t\t<div class=\"elementor-widget-wrap elementor-element-populated\">\n\t\t\t\t\t\t<section class=\"elementor-section elementor-inner-section elementor-element elementor-element-f7a2195 elementor-section-full_width elementor-section-height-default elementor-section-height-default\" data-id=\"f7a2195\" data-element_type=\"section\">\n\t\t\t\t\t\t<div class=\"elementor-container elementor-column-gap-no\">\n\t\t\t\t\t<div class=\"elementor-column elementor-col-25 elementor-inner-column elementor-element elementor-element-42433ab\" data-id=\"42433ab\" data-element_type=\"column\" data-settings=\"{&quot;background_background&quot;:&quot;classic&quot;}\">\n\t\t\t<div class=\"elementor-widget-wrap elementor-element-populated\">\n\t\t\t\t\t<div class=\"elementor-background-overlay\"><\/div>\n\t\t\t\t\t\t<div class=\"elementor-element elementor-element-710aa18 elementor-widget__width-initial elementor-widget elementor-widget-heading\" data-id=\"710aa18\" data-element_type=\"widget\" data-widget_type=\"heading.default\">\n\t\t\t\t<div class=\"elementor-widget-container\">\n\t\t\t<h2 class=\"elementor-heading-title elementor-size-default\">01<\/h2>\t\t<\/div>\n\t\t\t\t<\/div>\n\t\t\t\t<div class=\"elementor-element elementor-element-ac75ab3 elementor-widget elementor-widget-text-editor\" data-id=\"ac75ab3\" data-element_type=\"widget\" data-widget_type=\"text-editor.default\">\n\t\t\t\t<div class=\"elementor-widget-container\">\n\t\t\t\t\t\t\t<p>Mimari<br \/>tasar\u0131m<\/p>\t\t\t\t\t\t<\/div>\n\t\t\t\t<\/div>\n\t\t\t\t<div class=\"elementor-element elementor-element-74fd34e elementor-widget__width-initial elementor-widget elementor-widget-text-editor\" data-id=\"74fd34e\" data-element_type=\"widget\" data-widget_type=\"text-editor.default\">\n\t\t\t\t<div class=\"elementor-widget-container\">\n\t\t\t\t\t\t\t<p>\u00a0<\/p><div class=\"translate-tooltip-mtz translator-hidden\"><div class=\"header\"><div class=\"header-controls\">\u00a0<span style=\"color: #ffffff; font-family: var( --e-global-typography-text-font-family ), Sans-serif; font-size: 1rem; font-weight: var( --e-global-typography-text-font-weight );\">M\u00fc\u015fterinin t\u00fcm isteklerini ve modern in\u015faat standartlar\u0131n\u0131 g\u00f6z \u00f6n\u00fcnde bulundurarak konut ve ticari tesisler i\u00e7in benzersiz \u00e7\u00f6z\u00fcmler yaratmak. Konseptten \u00e7al\u0131\u015fma belgelerine kadar detayl\u0131 projeler geli\u015ftiriyoruz.<\/span><\/div><\/div><\/div>\t\t\t\t\t\t<\/div>\n\t\t\t\t<\/div>\n\t\t\t\t<div class=\"elementor-element elementor-element-93e8840 elementor-align-justify elementor-widget__width-initial elementor-widget elementor-widget-button\" data-id=\"93e8840\" data-element_type=\"widget\" data-widget_type=\"button.default\">\n\t\t\t\t<div class=\"elementor-widget-container\">\n\t\t\t\t\t<div class=\"elementor-button-wrapper\">\n\t\t\t<a class=\"elementor-button elementor-button-link elementor-size-sm\" href=\"https:\/\/artdc.uz\/tr\/architectural-engineering\/\">\n\t\t\t\t\t\t<span class=\"elementor-button-content-wrapper\">\n\t\t\t\t\t\t\t\t\t<span class=\"elementor-button-text\">Hakk\u0131nda<\/span>\n\t\t\t\t\t<\/span>\n\t\t\t\t\t<\/a>\n\t\t<\/div>\n\t\t\t\t<\/div>\n\t\t\t\t<\/div>\n\t\t\t\t\t<\/div>\n\t\t<\/div>\n\t\t\t\t<div class=\"elementor-column elementor-col-25 elementor-inner-column elementor-element elementor-element-8727115\" data-id=\"8727115\" data-element_type=\"column\" data-settings=\"{&quot;background_background&quot;:&quot;classic&quot;}\">\n\t\t\t<div class=\"elementor-widget-wrap elementor-element-populated\">\n\t\t\t\t\t<div class=\"elementor-background-overlay\"><\/div>\n\t\t\t\t\t\t<div class=\"elementor-element elementor-element-48007c9 elementor-widget__width-initial elementor-widget elementor-widget-heading\" data-id=\"48007c9\" data-element_type=\"widget\" data-widget_type=\"heading.default\">\n\t\t\t\t<div class=\"elementor-widget-container\">\n\t\t\t<h2 class=\"elementor-heading-title elementor-size-default\">02<\/h2>\t\t<\/div>\n\t\t\t\t<\/div>\n\t\t\t\t<div class=\"elementor-element elementor-element-0e2ed58 elementor-widget elementor-widget-text-editor\" data-id=\"0e2ed58\" data-element_type=\"widget\" data-widget_type=\"text-editor.default\">\n\t\t\t\t<div class=\"elementor-widget-container\">\n\t\t\t\t\t\t\t<p>Tasar\u0131m<br \/>bina<\/p>\t\t\t\t\t\t<\/div>\n\t\t\t\t<\/div>\n\t\t\t\t<div class=\"elementor-element elementor-element-67ad8a7 elementor-widget__width-initial elementor-widget elementor-widget-text-editor\" data-id=\"67ad8a7\" data-element_type=\"widget\" data-widget_type=\"text-editor.default\">\n\t\t\t\t<div class=\"elementor-widget-container\">\n\t\t\t\t\t\t\t<p>\u00a0<\/p><div class=\"translate-tooltip-mtz translator-hidden\"><div class=\"header\"><div class=\"header-controls\">\u00a0<span style=\"color: #ffffff; font-family: var( --e-global-typography-text-font-family ), Sans-serif; font-size: 1rem; font-weight: var( --e-global-typography-text-font-weight );\">Her mekan i\u00e7in \u00f6zg\u00fcn ve i\u015flevsel \u00e7\u00f6z\u00fcmler sunuyoruz. Ekibimiz, ister daire, ister ev, ofis veya restoran olsun estetik, ergonomi ve konforu uyumlu bir \u015fekilde birle\u015ftiren i\u00e7 mekanlar tasarl\u0131yor.<\/span><\/div><\/div><\/div>\t\t\t\t\t\t<\/div>\n\t\t\t\t<\/div>\n\t\t\t\t<div class=\"elementor-element elementor-element-3863065 elementor-align-justify elementor-widget__width-initial elementor-widget elementor-widget-button\" data-id=\"3863065\" data-element_type=\"widget\" data-widget_type=\"button.default\">\n\t\t\t\t<div class=\"elementor-widget-container\">\n\t\t\t\t\t<div class=\"elementor-button-wrapper\">\n\t\t\t<a class=\"elementor-button elementor-button-link elementor-size-sm\" href=\"https:\/\/artdc.uz\/tr\/interior-design\/\">\n\t\t\t\t\t\t<span class=\"elementor-button-content-wrapper\">\n\t\t\t\t\t\t\t\t\t<span class=\"elementor-button-text\">Hakk\u0131nda<\/span>\n\t\t\t\t\t<\/span>\n\t\t\t\t\t<\/a>\n\t\t<\/div>\n\t\t\t\t<\/div>\n\t\t\t\t<\/div>\n\t\t\t\t\t<\/div>\n\t\t<\/div>\n\t\t\t\t<div class=\"elementor-column elementor-col-25 elementor-inner-column elementor-element elementor-element-44ada58\" data-id=\"44ada58\" data-element_type=\"column\" data-settings=\"{&quot;background_background&quot;:&quot;classic&quot;}\">\n\t\t\t<div class=\"elementor-widget-wrap elementor-element-populated\">\n\t\t\t\t\t<div class=\"elementor-background-overlay\"><\/div>\n\t\t\t\t\t\t<div class=\"elementor-element elementor-element-7da1676 elementor-widget__width-initial elementor-widget elementor-widget-heading\" data-id=\"7da1676\" data-element_type=\"widget\" data-widget_type=\"heading.default\">\n\t\t\t\t<div class=\"elementor-widget-container\">\n\t\t\t<h2 class=\"elementor-heading-title elementor-size-default\">03<\/h2>\t\t<\/div>\n\t\t\t\t<\/div>\n\t\t\t\t<div class=\"elementor-element elementor-element-7fc53a8 elementor-widget elementor-widget-text-editor\" data-id=\"7fc53a8\" data-element_type=\"widget\" data-widget_type=\"text-editor.default\">\n\t\t\t\t<div class=\"elementor-widget-container\">\n\t\t\t\t\t\t\t<p>Anahtar teslim<br \/>yenileme<\/p>\t\t\t\t\t\t<\/div>\n\t\t\t\t<\/div>\n\t\t\t\t<div class=\"elementor-element elementor-element-f295c64 elementor-widget elementor-widget-text-editor\" data-id=\"f295c64\" data-element_type=\"widget\" data-widget_type=\"text-editor.default\">\n\t\t\t\t<div class=\"elementor-widget-container\">\n\t\t\t\t\t\t\t<p>\u00a0<\/p><div class=\"translate-tooltip-mtz translator-hidden\"><div class=\"header\"><div class=\"header-controls\"><span style=\"color: #ffffff; font-family: var( --e-global-typography-text-font-family ), Sans-serif; font-size: 1rem; font-weight: var( --e-global-typography-text-font-weight );\">\u0130n\u015faat ve onar\u0131m\u0131n t\u00fcm a\u015famalar\u0131n\u0131 biz \u00fcstleniyoruz: haz\u0131rl\u0131k \u00e7al\u0131\u015fmalar\u0131ndan tam terbiye i\u015flemine kadar. Uzmanlar\u0131m\u0131z, i\u015fin y\u00fcksek kalitede yap\u0131lmas\u0131n\u0131, son teslim tarihlerine uyulmas\u0131n\u0131 ve yaln\u0131zca kan\u0131tlanm\u0131\u015f malzemelerin kullan\u0131lmas\u0131n\u0131 sa\u011flamaktad\u0131r.<\/span><\/div><\/div><\/div>\t\t\t\t\t\t<\/div>\n\t\t\t\t<\/div>\n\t\t\t\t<div class=\"elementor-element elementor-element-4438464 elementor-align-justify elementor-widget__width-initial elementor-widget elementor-widget-button\" data-id=\"4438464\" data-element_type=\"widget\" data-widget_type=\"button.default\">\n\t\t\t\t<div class=\"elementor-widget-container\">\n\t\t\t\t\t<div class=\"elementor-button-wrapper\">\n\t\t\t<a class=\"elementor-button elementor-button-link elementor-size-sm\" href=\"https:\/\/artdc.uz\/tr\/turnkey-repair\/\">\n\t\t\t\t\t\t<span class=\"elementor-button-content-wrapper\">\n\t\t\t\t\t\t\t\t\t<span class=\"elementor-button-text\">Hakk\u0131nda<\/span>\n\t\t\t\t\t<\/span>\n\t\t\t\t\t<\/a>\n\t\t<\/div>\n\t\t\t\t<\/div>\n\t\t\t\t<\/div>\n\t\t\t\t\t<\/div>\n\t\t<\/div>\n\t\t\t\t<div class=\"elementor-column elementor-col-25 elementor-inner-column elementor-element elementor-element-caf39da\" data-id=\"caf39da\" data-element_type=\"column\" data-settings=\"{&quot;background_background&quot;:&quot;classic&quot;}\">\n\t\t\t<div class=\"elementor-widget-wrap elementor-element-populated\">\n\t\t\t\t\t<div class=\"elementor-background-overlay\"><\/div>\n\t\t\t\t\t\t<div class=\"elementor-element elementor-element-e30dd29 elementor-widget__width-initial elementor-widget elementor-widget-heading\" data-id=\"e30dd29\" data-element_type=\"widget\" data-widget_type=\"heading.default\">\n\t\t\t\t<div class=\"elementor-widget-container\">\n\t\t\t<h2 class=\"elementor-heading-title elementor-size-default\">04<\/h2>\t\t<\/div>\n\t\t\t\t<\/div>\n\t\t\t\t<div class=\"elementor-element elementor-element-61762c9 elementor-widget elementor-widget-text-editor\" data-id=\"61762c9\" data-element_type=\"widget\" data-widget_type=\"text-editor.default\">\n\t\t\t\t<div class=\"elementor-widget-container\">\n\t\t\t\t\t\t\t<p>\u0130n\u015faat<br \/>binalar\u0131n<\/p>\t\t\t\t\t\t<\/div>\n\t\t\t\t<\/div>\n\t\t\t\t<div class=\"elementor-element elementor-element-cf341ea elementor-widget elementor-widget-text-editor\" data-id=\"cf341ea\" data-element_type=\"widget\" data-widget_type=\"text-editor.default\">\n\t\t\t\t<div class=\"elementor-widget-container\">\n\t\t\t\t\t\t\t<p>\u00a0<\/p><div class=\"translate-tooltip-mtz translator-hidden\"><div class=\"header\"><div class=\"header-controls\"><span style=\"color: #ffffff; font-family: var( --e-global-typography-text-font-family ), Sans-serif; font-size: 1rem; font-weight: var( --e-global-typography-text-font-weight );\">\u0130n\u015faat ve onar\u0131m\u0131n t\u00fcm a\u015famalar\u0131n\u0131 biz \u00fcstleniyoruz: haz\u0131rl\u0131k \u00e7al\u0131\u015fmalar\u0131ndan tam terbiye i\u015flemine kadar. Uzmanlar\u0131m\u0131z, i\u015fin y\u00fcksek kalitede yap\u0131lmas\u0131n\u0131, son teslim tarihlerine uyulmas\u0131n\u0131 ve yaln\u0131zca kan\u0131tlanm\u0131\u015f malzemelerin kullan\u0131lmas\u0131n\u0131 sa\u011flamaktad\u0131r.<\/span><\/div><\/div><\/div>\t\t\t\t\t\t<\/div>\n\t\t\t\t<\/div>\n\t\t\t\t<div class=\"elementor-element elementor-element-7de8b5a elementor-align-justify elementor-widget__width-initial elementor-widget elementor-widget-button\" data-id=\"7de8b5a\" data-element_type=\"widget\" data-widget_type=\"button.default\">\n\t\t\t\t<div class=\"elementor-widget-container\">\n\t\t\t\t\t<div class=\"elementor-button-wrapper\">\n\t\t\t<a class=\"elementor-button elementor-button-link elementor-size-sm\" href=\"https:\/\/artdc.uz\/tr\/construction-of-buildings\/\">\n\t\t\t\t\t\t<span class=\"elementor-button-content-wrapper\">\n\t\t\t\t\t\t\t\t\t<span class=\"elementor-button-text\">Hakk\u0131nda<\/span>\n\t\t\t\t\t<\/span>\n\t\t\t\t\t<\/a>\n\t\t<\/div>\n\t\t\t\t<\/div>\n\t\t\t\t<\/div>\n\t\t\t\t\t<\/div>\n\t\t<\/div>\n\t\t\t\t\t<\/div>\n\t\t<\/section>\n\t\t\t\t\t<\/div>\n\t\t<\/div>\n\t\t\t\t\t<\/div>\n\t\t<\/section>\n\t\t\t\t<section class=\"elementor-section elementor-top-section elementor-element elementor-element-6005748 elementor-section-boxed elementor-section-height-default elementor-section-height-default\" data-id=\"6005748\" data-element_type=\"section\">\n\t\t\t\t\t\t<div class=\"elementor-container elementor-column-gap-default\">\n\t\t\t\t\t<div class=\"elementor-column elementor-col-100 elementor-top-column elementor-element elementor-element-19e4ee6\" data-id=\"19e4ee6\" data-element_type=\"column\">\n\t\t\t<div class=\"elementor-widget-wrap elementor-element-populated\">\n\t\t\t\t\t\t<div class=\"elementor-element elementor-element-8e3303d elementor-widget elementor-widget-text-editor\" data-id=\"8e3303d\" data-element_type=\"widget\" data-widget_type=\"text-editor.default\">\n\t\t\t\t<div class=\"elementor-widget-container\">\n\t\t\t\t\t\t\t<p style=\"text-align: center;\"><strong style=\"color: var( --e-global-color-text ); font-family: var( --e-global-typography-text-font-family ), Sans-serif; font-size: 1rem; text-align: center;\"><span style=\"color: #000000;\">Her projeye bireysel yakla\u015f\u0131m\u0131, i\u015fin her a\u015famas\u0131nda profesyonelli\u011fi ve detaylara \u00f6zen g\u00f6sterilmesini garanti ederek m\u00fc\u015fteri beklentilerini tam olarak kar\u015f\u0131layan projeler \u00fcretmemizi sa\u011fl\u0131yoruz.<\/span><\/strong><\/p>\t\t\t\t\t\t<\/div>\n\t\t\t\t<\/div>\n\t\t\t\t\t<\/div>\n\t\t<\/div>\n\t\t\t\t\t<\/div>\n\t\t<\/section>\n\t\t\t\t<\/div>","protected":false},"excerpt":{"rendered":"<p>\u0423\u0421\u041b\u0423\u0413\u0418 \u041d\u0430\u0448\u0430 \u043a\u043e\u043c\u043f\u0430\u043d\u0438\u044f \u043f\u0440\u0435\u0434\u0441\u0442\u0430\u0432\u043b\u044f\u0435\u0442 \u0441\u043e\u0431\u043e\u0439 \u043c\u043d\u043e\u0433\u043e\u043f\u0440\u043e\u0444\u0438\u043b\u044c\u043d\u0443\u044e \u043e\u0440\u0433\u0430\u043d\u0438\u0437\u0430\u0446\u0438\u044e, \u0441\u043f\u0435\u0446\u0438\u0430\u043b\u0438\u0437\u0438\u0440\u0443\u044e\u0449\u0443\u044e\u0441\u044f \u043d\u0430 \u043a\u043e\u043c\u043f\u043b\u0435\u043a\u0441\u043d\u044b\u0445 \u0443\u0441\u043b\u0443\u0433\u0430\u0445 \u0432 \u0441\u0444\u0435\u0440\u0435 \u0430\u0440\u0445\u0438\u0442\u0435\u043a\u0442\u0443\u0440\u043d\u043e\u0433\u043e \u0434\u0438\u0437\u0430\u0439\u043d\u0430, \u0441\u0442\u0440\u043e\u0438\u0442\u0435\u043b\u044c\u0441\u0442\u0432\u0430 \u0438 \u0440\u0435\u043c\u043e\u043d\u0442\u0430 \u043f\u043e\u043c\u0435\u0449\u0435\u043d\u0438\u0439 \u043f\u043e\u0434 \u043a\u043b\u044e\u0447. \u041c\u044b \u043e\u0441\u0443\u0449\u0435\u0441\u0442\u0432\u043b\u044f\u0435\u043c \u043f\u043e\u043b\u043d\u044b\u0439 \u0446\u0438\u043a\u043b \u0440\u0430\u0431\u043e\u0442 \u2014 \u043e\u0442 \u0440\u0430\u0437\u0440\u0430\u0431\u043e\u0442\u043a\u0438 \u0438\u043d\u0434\u0438\u0432\u0438\u0434\u0443\u0430\u043b\u044c\u043d\u044b\u0445 \u043f\u0440\u043e\u0435\u043a\u0442\u043e\u0432 \u0434\u043e \u0438\u0445 \u043f\u0440\u043e\u0444\u0435\u0441\u0441\u0438\u043e\u043d\u0430\u043b\u044c\u043d\u043e\u0439 \u0440\u0435\u0430\u043b\u0438\u0437\u0430\u0446\u0438\u0438. \u041e\u0441\u043d\u043e\u0432\u043d\u044b\u0435 \u043d\u0430\u043f\u0440\u0430\u0432\u043b\u0435\u043d\u0438\u044f \u043d\u0430\u0448\u0435\u0439 \u0434\u0435\u044f\u0442\u0435\u043b\u044c\u043d\u043e\u0441\u0442\u0438 \u0432\u043a\u043b\u044e\u0447\u0430\u044e\u0442: \u041f\u043e\u0434\u0440\u043e\u0431\u043d\u0435\u0435 01 \u0410\u0440\u0445\u0438\u0442\u0435\u043a\u0442\u0443\u0440\u043d\u043e\u0435\u043f\u0440\u043e\u0435\u043a\u0442\u0438\u0440\u043e\u0432\u0430\u043d\u0438\u0435 \u00a0 \u00a0\u0421\u043e\u0437\u0434\u0430\u043d\u0438\u0435 \u0443\u043d\u0438\u043a\u0430\u043b\u044c\u043d\u044b\u0445 \u0440\u0435\u0448\u0435\u043d\u0438\u0439 \u0434\u043b\u044f \u0436\u0438\u043b\u044b\u0445 \u0438 \u043a\u043e\u043c\u043c\u0435\u0440\u0447\u0435\u0441\u043a\u0438\u0445 \u043e\u0431\u044a\u0435\u043a\u0442\u043e\u0432 \u0441 \u0443\u0447\u0435\u0442\u043e\u043c \u0432\u0441\u0435\u0445 [&hellip;]<\/p>","protected":false},"author":1,"featured_media":0,"parent":0,"menu_order":0,"comment_status":"closed","ping_status":"closed","template":"elementor_canvas","meta":{"footnotes":""},"class_list":["post-180","page","type-page","status-publish","hentry"],"aioseo_notices":[],"_links":{"self":[{"href":"https:\/\/artdc.uz\/tr\/wp-json\/wp\/v2\/pages\/180","targetHints":{"allow":["GET"]}}],"collection":[{"href":"https:\/\/artdc.uz\/tr\/wp-json\/wp\/v2\/pages"}],"about":[{"href":"https:\/\/artdc.uz\/tr\/wp-json\/wp\/v2\/types\/page"}],"author":[{"embeddable":true,"href":"https:\/\/artdc.uz\/tr\/wp-json\/wp\/v2\/users\/1"}],"replies":[{"embeddable":true,"href":"https:\/\/artdc.uz\/tr\/wp-json\/wp\/v2\/comments?post=180"}],"version-history":[{"count":79,"href":"https:\/\/artdc.uz\/tr\/wp-json\/wp\/v2\/pages\/180\/revisions"}],"predecessor-version":[{"id":1984,"href":"https:\/\/artdc.uz\/tr\/wp-json\/wp\/v2\/pages\/180\/revisions\/1984"}],"wp:attachment":[{"href":"https:\/\/artdc.uz\/tr\/wp-json\/wp\/v2\/media?parent=180"}],"curies":[{"name":"wp","href":"https:\/\/api.w.org\/{rel}","templated":true}]}}